{"id":263,"date":"2019-07-22T22:26:59","date_gmt":"2019-07-22T20:26:59","guid":{"rendered":"http:\/\/blog.fanjyda.com\/?page_id=263"},"modified":"2020-02-06T12:45:40","modified_gmt":"2020-02-06T11:45:40","slug":"contacto","status":"publish","type":"page","link":"https:\/\/www.fanjyda.es\/?page_id=263","title":{"rendered":"Contacto"},"content":{"rendered":"<p>TEL\u00c9FONO DE CONTACTO: <strong>956 07 98 91\u00a0 o\u00a0 652 80 72 71<\/strong><\/p>\n<p><strong>El horario de Atenci\u00f3n Telef\u00f3nica es<\/strong><\/p>\n<ul>\n<li>Por la Ma\u00f1ana: 10:00 a 13:00<\/li>\n<li>Por la Tarde: 16:30 a 17:30\u00a0<strong><br \/>\n<\/strong><\/li>\n<\/ul>\n<p>Para cualquier consulta fuera de este horario puede manda un email a:<\/p>\n<p style=\"padding-left: 40px;\"><span style=\"color: #0000ff;\">Administraci\u00f3n \/ Actividades Deportivas<\/span>: <a href=\"mailto:administracion@fanjyda.com\">administracion@fanjyda.com<\/a><br \/>\n<span style=\"color: #0000ff;\">Contabilidad:<\/span> <a href=\"mailto:contabilidad@fanjyda.com\">contabilidad@fanjyda.com<\/a><br \/>\n<span style=\"color: #0000ff;\">Escuela \/ Titulaciones:<\/span>\u00a0<a href=\"mailto:escuela@fanjyda.com\">escuela@fanjyda.com<\/a><br \/>\n<span style=\"color: #0000ff;\">Inform\u00e1tica:<\/span> <a href=\"mailto:depinformatico@fanjyda.com\">depinformatico@fanjyda.com<\/a><\/p>\n<p><strong>Direcci\u00f3n Postal:<\/strong><\/p>\n<p style=\"padding-left: 40px;\">Avenida Ana de Viya 9, Oficina 3<br \/>\n11009\u00a0 C\u00e1diz<\/p>\n<p>&nbsp;<\/p>\n","protected":false},"excerpt":{"rendered":"<p>TEL\u00c9FONO DE CONTACTO: 956 07 98 91\u00a0 o\u00a0 652 80 72 71 El horario de Atenci\u00f3n Telef\u00f3nica es Por la Ma\u00f1ana: 10:00 a 13:00 Por la Tarde: 16:30 a 17:30\u00a0 [&hellip;]<\/p>\n","protected":false},"author":1,"featured_media":0,"parent":0,"menu_order":0,"comment_status":"closed","ping_status":"closed","template":"","meta":{"_eb_attr":"","footnotes":""},"class_list":["post-263","page","type-page","status-publish","hentry"],"_links":{"self":[{"href":"https:\/\/www.fanjyda.es\/index.php?rest_route=\/wp\/v2\/pages\/263","targetHints":{"allow":["GET"]}}],"collection":[{"href":"https:\/\/www.fanjyda.es\/index.php?rest_route=\/wp\/v2\/pages"}],"about":[{"href":"https:\/\/www.fanjyda.es\/index.php?rest_route=\/wp\/v2\/types\/page"}],"author":[{"embeddable":true,"href":"https:\/\/www.fanjyda.es\/index.php?rest_route=\/wp\/v2\/users\/1"}],"replies":[{"embeddable":true,"href":"https:\/\/www.fanjyda.es\/index.php?rest_route=%2Fwp%2Fv2%2Fcomments&post=263"}],"version-history":[{"count":4,"href":"https:\/\/www.fanjyda.es\/index.php?rest_route=\/wp\/v2\/pages\/263\/revisions"}],"predecessor-version":[{"id":1904,"href":"https:\/\/www.fanjyda.es\/index.php?rest_route=\/wp\/v2\/pages\/263\/revisions\/1904"}],"wp:attachment":[{"href":"https:\/\/www.fanjyda.es\/index.php?rest_route=%2Fwp%2Fv2%2Fmedia&parent=263"}],"curies":[{"name":"wp","href":"https:\/\/api.w.org\/{rel}","templated":true}]}}